{"id":958,"date":"2021-06-13T10:23:13","date_gmt":"2021-06-13T10:23:13","guid":{"rendered":"https:\/\/www.ausbildung-region-celle.de\/?page_id=958"},"modified":"2022-03-02T15:52:54","modified_gmt":"2022-03-02T15:52:54","slug":"berufeverzeichnis","status":"publish","type":"page","link":"https:\/\/www.ausbildung-region-celle.de\/index.php\/berufeverzeichnis\/","title":{"rendered":"Berufe"},"content":{"rendered":"\n<h2 class=\"wp-block-heading\" id=\"berufe-und-studiengange\">Berufe und Studieng\u00e4nge<\/h2>\n\n\n<li><a href=\"https:\/\/www.ausbildung-region-celle.de\/index.php\/tag\/anlagentechnik\/\" title=\"Anlagentechnik\">Anlagentechnik<\/a><\/li><li><a href=\"https:\/\/www.ausbildung-region-celle.de\/index.php\/tag\/ausbildung-finanzwirt-m-w-d\/\" title=\"Ausbildung Finanzwirt (m\/w\/d)\">Ausbildung Finanzwirt (m\/w\/d)<\/a><\/li><li><a href=\"https:\/\/www.ausbildung-region-celle.de\/index.php\/tag\/bankkauffrau\/\" title=\"Bankkauffrau\">Bankkauffrau<\/a><\/li><li><a href=\"https:\/\/www.ausbildung-region-celle.de\/index.php\/tag\/bankkaufmann\/\" title=\"Bankkaufmann (m\/w\/d)\">Bankkaufmann (m\/w\/d)<\/a><\/li><li><a href=\"https:\/\/www.ausbildung-region-celle.de\/index.php\/tag\/bautechnik\/\" title=\"Bautechnik\">Bautechnik<\/a><\/li><li><a href=\"https:\/\/www.ausbildung-region-celle.de\/index.php\/tag\/bauzeichner-m-w-d\/\" title=\"Bauzeichner (m\/W\/d)\">Bauzeichner (m\/W\/d)<\/a><\/li><li><a href=\"https:\/\/www.ausbildung-region-celle.de\/index.php\/tag\/berufliches-gymnasium\/\" title=\"Berufliches Gymnasium\">Berufliches Gymnasium<\/a><\/li><li><a href=\"https:\/\/www.ausbildung-region-celle.de\/index.php\/tag\/diplom-rechtspfleger-m-w-d\/\" title=\"Diplom-Rechtspfleger (m\/w\/d)\">Diplom-Rechtspfleger (m\/w\/d)<\/a><\/li><li><a href=\"https:\/\/www.ausbildung-region-celle.de\/index.php\/tag\/drucktechnik\/\" title=\"Drucktechnik\">Drucktechnik<\/a><\/li><li><a href=\"https:\/\/www.ausbildung-region-celle.de\/index.php\/tag\/duales-studium-bauingenieurswesen\/\" title=\"Duales Studium Bauingenieurswesen\">Duales Studium Bauingenieurswesen<\/a><\/li><li><a href=\"https:\/\/www.ausbildung-region-celle.de\/index.php\/tag\/duales-studium-bwl\/\" title=\"Duales Studium BWL\">Duales Studium BWL<\/a><\/li><li><a href=\"https:\/\/www.ausbildung-region-celle.de\/index.php\/tag\/duales-studium-finanzwirtschaft\/\" title=\"Duales Studium Finanzwirtschaft\">Duales Studium Finanzwirtschaft<\/a><\/li><li><a href=\"https:\/\/www.ausbildung-region-celle.de\/index.php\/tag\/duales-studium-verwaltungswissenschaft\/\" title=\"Duales Studium Verwaltungswissenschaft\">Duales Studium Verwaltungswissenschaft<\/a><\/li><li><a href=\"https:\/\/www.ausbildung-region-celle.de\/index.php\/tag\/duales-studium-wirtschaftsinformatik\/\" title=\"Duales Studium Wirtschaftsinformatik\">Duales Studium Wirtschaftsinformatik<\/a><\/li><li><a href=\"https:\/\/www.ausbildung-region-celle.de\/index.php\/tag\/elektroniker-fuer-automatisierungstechnik-m-w-d\/\" title=\"Elektroniker f\u00fcr Automatisierungstechnik (m\/w\/d)\">Elektroniker f\u00fcr Automatisierungstechnik (m\/w\/d)<\/a><\/li><li><a href=\"https:\/\/www.ausbildung-region-celle.de\/index.php\/tag\/elektrotechnik\/\" title=\"Elektrotechnik\">Elektrotechnik<\/a><\/li><li><a href=\"https:\/\/www.ausbildung-region-celle.de\/index.php\/tag\/fachangestellter-fuer-medien-und-informationsdienste\/\" title=\"Fachangestellter f\u00fcr Medien- und Informationsdienste (m\/w\/d)\">Fachangestellter f\u00fcr Medien- und Informationsdienste (m\/w\/d)<\/a><\/li><li><a href=\"https:\/\/www.ausbildung-region-celle.de\/index.php\/tag\/fachinformatiker-m-w-d\/\" title=\"Fachinformatiker (m\/w\/d)\">Fachinformatiker (m\/w\/d)<\/a><\/li><li><a href=\"https:\/\/www.ausbildung-region-celle.de\/index.php\/tag\/fachinformatiker-fuer-systemintegration-m-w-d\/\" title=\"Fachinformatiker f\u00fcr Systemintegration (m\/w\/d)\">Fachinformatiker f\u00fcr Systemintegration (m\/w\/d)<\/a><\/li><li><a href=\"https:\/\/www.ausbildung-region-celle.de\/index.php\/tag\/fachkraft-fuer-lagerlogistik\/\" title=\"Fachkraft f\u00fcr Lagerlogistik (m\/w\/d)\">Fachkraft f\u00fcr Lagerlogistik (m\/w\/d)<\/a><\/li><li><a href=\"https:\/\/www.ausbildung-region-celle.de\/index.php\/tag\/fachlagerist-m-w-d\/\" title=\"Fachlagerist (m\/w\/d)\">Fachlagerist (m\/w\/d)<\/a><\/li><li><a href=\"https:\/\/www.ausbildung-region-celle.de\/index.php\/tag\/fachoberschule\/\" title=\"Fachoberschule\">Fachoberschule<\/a><\/li><li><a href=\"https:\/\/www.ausbildung-region-celle.de\/index.php\/tag\/fahrzeugtechnik\/\" title=\"Fahrzeugtechnik\">Fahrzeugtechnik<\/a><\/li><li><a href=\"https:\/\/www.ausbildung-region-celle.de\/index.php\/tag\/farbtechnik\/\" title=\"Farbtechnik\">Farbtechnik<\/a><\/li><li><a href=\"https:\/\/www.ausbildung-region-celle.de\/index.php\/tag\/fertigungstechnik\/\" title=\"Fertigungstechnik\">Fertigungstechnik<\/a><\/li><li><a href=\"https:\/\/www.ausbildung-region-celle.de\/index.php\/tag\/fluggeraetemechanik\/\" title=\"Flugger\u00e4temechanik\">Flugger\u00e4temechanik<\/a><\/li><li><a href=\"https:\/\/www.ausbildung-region-celle.de\/index.php\/tag\/gestaltungstechnik\/\" title=\"Gestaltungstechnik\">Gestaltungstechnik<\/a><\/li><li><a href=\"https:\/\/www.ausbildung-region-celle.de\/index.php\/tag\/handwerk\/\" title=\"Handwerk\">Handwerk<\/a><\/li><li><a href=\"https:\/\/www.ausbildung-region-celle.de\/index.php\/tag\/health-management\/\" title=\"Health Management\">Health Management<\/a><\/li><li><a href=\"https:\/\/www.ausbildung-region-celle.de\/index.php\/tag\/holztechnik\/\" title=\"Holztechnik\">Holztechnik<\/a><\/li><li><a href=\"https:\/\/www.ausbildung-region-celle.de\/index.php\/tag\/industrieelektriker\/\" title=\"Industrieelektriker (m\/w\/d)\">Industrieelektriker (m\/w\/d)<\/a><\/li><li><a href=\"https:\/\/www.ausbildung-region-celle.de\/index.php\/tag\/industriekaufmann-m-w-d\/\" title=\"Industriekaufmann (m\/w\/d)\">Industriekaufmann (m\/w\/d)<\/a><\/li><li><a href=\"https:\/\/www.ausbildung-region-celle.de\/index.php\/tag\/industriemechaniker-m-w-d\/\" title=\"Industriemechaniker (m\/w\/d)\">Industriemechaniker (m\/w\/d)<\/a><\/li><li><a href=\"https:\/\/www.ausbildung-region-celle.de\/index.php\/tag\/informatik\/\" title=\"Informatik\">Informatik<\/a><\/li><li><a href=\"https:\/\/www.ausbildung-region-celle.de\/index.php\/tag\/it-security\/\" title=\"IT-Security\">IT-Security<\/a><\/li><li><a href=\"https:\/\/www.ausbildung-region-celle.de\/index.php\/tag\/jounalist\/\" title=\"Jounalist\">Jounalist<\/a><\/li><li><a href=\"https:\/\/www.ausbildung-region-celle.de\/index.php\/tag\/jura\/\" title=\"Jura\">Jura<\/a><\/li><li><a href=\"https:\/\/www.ausbildung-region-celle.de\/index.php\/tag\/jurist\/\" title=\"Jurist (m\/w\/d)\">Jurist (m\/w\/d)<\/a><\/li><li><a href=\"https:\/\/www.ausbildung-region-celle.de\/index.php\/tag\/justizfachwirt-m-w-d\/\" title=\"Justizfachwirt (m\/w\/d)\">Justizfachwirt (m\/w\/d)<\/a><\/li><li><a href=\"https:\/\/www.ausbildung-region-celle.de\/index.php\/tag\/kaufmann-f-digitalisierungsmanagement-m-w-d\/\" title=\"Kaufmann f. Digitalisierungsmanagement (m\/w\/d)\">Kaufmann f. Digitalisierungsmanagement (m\/w\/d)<\/a><\/li><li><a href=\"https:\/\/www.ausbildung-region-celle.de\/index.php\/tag\/kaufmann-fuer-gross-und-aussenhandelsmanagement-m-w-d\/\" title=\"Kaufmann f\u00fcr Gro\u00df- und Au\u00dfenhandelsmanagement (m\/w\/d)\">Kaufmann f\u00fcr Gro\u00df- und Au\u00dfenhandelsmanagement (m\/w\/d)<\/a><\/li><li><a href=\"https:\/\/www.ausbildung-region-celle.de\/index.php\/tag\/krankenversicherung\/\" title=\"Krankenversicherung\">Krankenversicherung<\/a><\/li><li><a href=\"https:\/\/www.ausbildung-region-celle.de\/index.php\/tag\/maschinen-u-anlagenfuehrer\/\" title=\"Maschinen- u. Anlagenf\u00fchrer (m\/w\/d)\">Maschinen- u. Anlagenf\u00fchrer (m\/w\/d)<\/a><\/li><li><a href=\"https:\/\/www.ausbildung-region-celle.de\/index.php\/tag\/maschinen-und-anlagenfuehrer-m-w-d\/\" title=\"Maschinen- und Anlagenf\u00fchrer (m\/w\/d)\">Maschinen- und Anlagenf\u00fchrer (m\/w\/d)<\/a><\/li><li><a href=\"https:\/\/www.ausbildung-region-celle.de\/index.php\/tag\/maurer-m-w-d\/\" title=\"Maurer (m\/w\/d)\">Maurer (m\/w\/d)<\/a><\/li><li><a href=\"https:\/\/www.ausbildung-region-celle.de\/index.php\/tag\/mechatronik\/\" title=\"Mechatronik\">Mechatronik<\/a><\/li><li><a href=\"https:\/\/www.ausbildung-region-celle.de\/index.php\/tag\/medientechnik\/\" title=\"Medientechnik\">Medientechnik<\/a><\/li><li><a href=\"https:\/\/www.ausbildung-region-celle.de\/index.php\/tag\/medizinischer-fachangestellter-m-w-d\/\" title=\"Medizinischer Fachangestellter (m\/w\/d)\">Medizinischer Fachangestellter (m\/w\/d)<\/a><\/li><li><a href=\"https:\/\/www.ausbildung-region-celle.de\/index.php\/tag\/metallbautechnik\/\" title=\"Metallbautechnik\">Metallbautechnik<\/a><\/li><li><a href=\"https:\/\/www.ausbildung-region-celle.de\/index.php\/tag\/online-medien\/\" title=\"Online-Medien\">Online-Medien<\/a><\/li><li><a href=\"https:\/\/www.ausbildung-region-celle.de\/index.php\/tag\/papiertechnologe-m-w-d\/\" title=\"Papiertechnologe (m\/w\/d)\">Papiertechnologe (m\/w\/d)<\/a><\/li><li><a href=\"https:\/\/www.ausbildung-region-celle.de\/index.php\/tag\/pflegefachfrau\/\" title=\"Pflegefachfrau\">Pflegefachfrau<\/a><\/li><li><a href=\"https:\/\/www.ausbildung-region-celle.de\/index.php\/tag\/pflegefachmann\/\" title=\"Pflegefachmann\">Pflegefachmann<\/a><\/li><li><a href=\"https:\/\/www.ausbildung-region-celle.de\/index.php\/tag\/radioreportage\/\" title=\"Radioreportage\">Radioreportage<\/a><\/li><li><a href=\"https:\/\/www.ausbildung-region-celle.de\/index.php\/tag\/raumgestaltung\/\" title=\"Raumgestaltung\">Raumgestaltung<\/a><\/li><li><a href=\"https:\/\/www.ausbildung-region-celle.de\/index.php\/tag\/rohrleitungsbauer\/\" title=\"Rohrleitungsbauer\">Rohrleitungsbauer<\/a><\/li><li><a href=\"https:\/\/www.ausbildung-region-celle.de\/index.php\/tag\/stahlbetonbauer-m-w-d\/\" title=\"Stahlbetonbauer (m\/w\/d)\">Stahlbetonbauer (m\/w\/d)<\/a><\/li><li><a href=\"https:\/\/www.ausbildung-region-celle.de\/index.php\/tag\/steuerfachangesteller-m-w-d\/\" title=\"Steuerfachangesteller (m\/w\/d)\">Steuerfachangesteller (m\/w\/d)<\/a><\/li><li><a href=\"https:\/\/www.ausbildung-region-celle.de\/index.php\/tag\/stipendium\/\" title=\"Stipendium\">Stipendium<\/a><\/li><li><a href=\"https:\/\/www.ausbildung-region-celle.de\/index.php\/tag\/strassenwaerter-m-w-d\/\" title=\"Stra\u00dfenw\u00e4rter (m\/w\/d)\">Stra\u00dfenw\u00e4rter (m\/w\/d)<\/a><\/li><li><a href=\"https:\/\/www.ausbildung-region-celle.de\/index.php\/tag\/studium-bankingsales\/\" title=\"Studium Banking&amp;Sales\">Studium Banking&amp;Sales<\/a><\/li><li><a href=\"https:\/\/www.ausbildung-region-celle.de\/index.php\/tag\/studium-bauingenieurswesen\/\" title=\"Studium Bauingenieurswesen\">Studium Bauingenieurswesen<\/a><\/li><li><a href=\"https:\/\/www.ausbildung-region-celle.de\/index.php\/tag\/studium-bauingenieurwesen-hochbau\/\" title=\"Studium Bauingenieurwesen Hochbau\">Studium Bauingenieurwesen Hochbau<\/a><\/li><li><a href=\"https:\/\/www.ausbildung-region-celle.de\/index.php\/tag\/studium-bauingenieurwesen-tiefbau\/\" title=\"Studium Bauingenieurwesen Tiefbau\">Studium Bauingenieurwesen Tiefbau<\/a><\/li><li><a href=\"https:\/\/www.ausbildung-region-celle.de\/index.php\/tag\/studium-public-administration\/\" title=\"Studium Public Administration\">Studium Public Administration<\/a><\/li><li><a href=\"https:\/\/www.ausbildung-region-celle.de\/index.php\/tag\/studium-public-management\/\" title=\"Studium Public Management\">Studium Public Management<\/a><\/li><li><a href=\"https:\/\/www.ausbildung-region-celle.de\/index.php\/tag\/studium-soziale-arbeit\/\" title=\"Studium Soziale Arbeit\">Studium Soziale Arbeit<\/a><\/li><li><a href=\"https:\/\/www.ausbildung-region-celle.de\/index.php\/tag\/studium-steuerfachangestellter-bachelor\/\" title=\"Studium Steuerfachangestellter Bachelor\">Studium Steuerfachangestellter Bachelor<\/a><\/li><li><a href=\"https:\/\/www.ausbildung-region-celle.de\/index.php\/tag\/tiefbaufacharbeiter\/\" title=\"Tiefbaufacharbeiter\/-in\">Tiefbaufacharbeiter\/-in<\/a><\/li><li><a href=\"https:\/\/www.ausbildung-region-celle.de\/index.php\/tag\/tv-medien\/\" title=\"TV-Medien\">TV-Medien<\/a><\/li><li><a href=\"https:\/\/www.ausbildung-region-celle.de\/index.php\/tag\/versorgungstechnik\/\" title=\"Versorgungstechnik\">Versorgungstechnik<\/a><\/li><li><a href=\"https:\/\/www.ausbildung-region-celle.de\/index.php\/tag\/verwaltung\/\" title=\"Verwaltung\">Verwaltung<\/a><\/li><li><a href=\"https:\/\/www.ausbildung-region-celle.de\/index.php\/tag\/verwaltungsfachangestellter\/\" title=\"Verwaltungsfachangestellter (m\/w\/d)\">Verwaltungsfachangestellter (m\/w\/d)<\/a><\/li>","protected":false},"excerpt":{"rendered":"<p>Berufe und Studieng\u00e4nge<\/p>\n","protected":false},"author":1,"featured_media":0,"parent":0,"menu_order":0,"comment_status":"closed","ping_status":"closed","template":"","meta":{"_EventAllDay":false,"_EventTimezone":"","_EventStartDate":"","_EventEndDate":"","_EventStartDateUTC":"","_EventEndDateUTC":"","_EventShowMap":false,"_EventShowMapLink":false,"_EventURL":"","_EventCost":"","_EventCostDescription":"","_EventCurrencySymbol":"","_EventCurrencyCode":"","_EventCurrencyPosition":"","_EventDateTimeSeparator":"","_EventTimeRangeSeparator":"","_EventOrganizerID":[],"_EventVenueID":[],"_OrganizerEmail":"","_OrganizerPhone":"","_OrganizerWebsite":"","_VenueAddress":"","_VenueCity":"","_VenueCountry":"","_VenueProvince":"","_VenueState":"","_VenueZip":"","_VenuePhone":"","_VenueURL":"","_VenueStateProvince":"","_VenueLat":"","_VenueLng":"","_VenueShowMap":false,"_VenueShowMapLink":false,"footnotes":""},"class_list":["post-958","page","type-page","status-publish","hentry","entry"],"yoast_head":"<!-- This site is optimized with the Yoast SEO plugin v27.5 - https:\/\/yoast.com\/product\/yoast-seo-wordpress\/ -->\n<title>Berufe - Ausbildung Region Celle<\/title>\n<meta name=\"description\" content=\"Eine Liste aller vorgestellten Ausbildungsberufe \/ Studienpl\u00e4tze\" \/>\n<meta name=\"robots\" content=\"index, follow, max-snippet:-1, max-image-preview:large, max-video-preview:-1\" \/>\n<link rel=\"canonical\" href=\"https:\/\/www.ausbildung-region-celle.de\/index.php\/berufeverzeichnis\/\" \/>\n<meta property=\"og:locale\" content=\"de_DE\" \/>\n<meta property=\"og:type\" content=\"article\" \/>\n<meta property=\"og:title\" content=\"Berufe - Ausbildung Region Celle\" \/>\n<meta property=\"og:description\" content=\"Eine Liste aller vorgestellten Ausbildungsberufe \/ Studienpl\u00e4tze\" \/>\n<meta property=\"og:url\" content=\"https:\/\/www.ausbildung-region-celle.de\/index.php\/berufeverzeichnis\/\" \/>\n<meta property=\"og:site_name\" content=\"Ausbildung Region Celle\" \/>\n<meta property=\"article:modified_time\" content=\"2022-03-02T15:52:54+00:00\" \/>\n<meta name=\"twitter:card\" content=\"summary_large_image\" \/>\n<meta name=\"twitter:label1\" content=\"Gesch\u00e4tzte Lesezeit\" \/>\n\t<meta name=\"twitter:data1\" content=\"1\u00a0Minute\" \/>\n<script type=\"application\/ld+json\" class=\"yoast-schema-graph\">{\"@context\":\"https:\\\/\\\/schema.org\",\"@graph\":[{\"@type\":\"WebPage\",\"@id\":\"https:\\\/\\\/www.ausbildung-region-celle.de\\\/index.php\\\/berufeverzeichnis\\\/\",\"url\":\"https:\\\/\\\/www.ausbildung-region-celle.de\\\/index.php\\\/berufeverzeichnis\\\/\",\"name\":\"Berufe - Ausbildung Region Celle\",\"isPartOf\":{\"@id\":\"https:\\\/\\\/www.ausbildung-region-celle.de\\\/#website\"},\"datePublished\":\"2021-06-13T10:23:13+00:00\",\"dateModified\":\"2022-03-02T15:52:54+00:00\",\"description\":\"Eine Liste aller vorgestellten Ausbildungsberufe \\\/ Studienpl\u00e4tze\",\"breadcrumb\":{\"@id\":\"https:\\\/\\\/www.ausbildung-region-celle.de\\\/index.php\\\/berufeverzeichnis\\\/#breadcrumb\"},\"inLanguage\":\"de\",\"potentialAction\":[{\"@type\":\"ReadAction\",\"target\":[\"https:\\\/\\\/www.ausbildung-region-celle.de\\\/index.php\\\/berufeverzeichnis\\\/\"]}]},{\"@type\":\"BreadcrumbList\",\"@id\":\"https:\\\/\\\/www.ausbildung-region-celle.de\\\/index.php\\\/berufeverzeichnis\\\/#breadcrumb\",\"itemListElement\":[{\"@type\":\"ListItem\",\"position\":1,\"name\":\"Startseite\",\"item\":\"https:\\\/\\\/www.ausbildung-region-celle.de\\\/\"},{\"@type\":\"ListItem\",\"position\":2,\"name\":\"Berufe\"}]},{\"@type\":\"WebSite\",\"@id\":\"https:\\\/\\\/www.ausbildung-region-celle.de\\\/#website\",\"url\":\"https:\\\/\\\/www.ausbildung-region-celle.de\\\/\",\"name\":\"Ausbildung Region Celle\",\"description\":\"DER Ausbildungsservice f\u00fcr Schulen und Unternehmen\",\"publisher\":{\"@id\":\"https:\\\/\\\/www.ausbildung-region-celle.de\\\/#organization\"},\"potentialAction\":[{\"@type\":\"SearchAction\",\"target\":{\"@type\":\"EntryPoint\",\"urlTemplate\":\"https:\\\/\\\/www.ausbildung-region-celle.de\\\/?s={search_term_string}\"},\"query-input\":{\"@type\":\"PropertyValueSpecification\",\"valueRequired\":true,\"valueName\":\"search_term_string\"}}],\"inLanguage\":\"de\"},{\"@type\":\"Organization\",\"@id\":\"https:\\\/\\\/www.ausbildung-region-celle.de\\\/#organization\",\"name\":\"Ausbildungsstellen und Mega-Matchportal\",\"url\":\"https:\\\/\\\/www.ausbildung-region-celle.de\\\/\",\"logo\":{\"@type\":\"ImageObject\",\"inLanguage\":\"de\",\"@id\":\"https:\\\/\\\/www.ausbildung-region-celle.de\\\/#\\\/schema\\\/logo\\\/image\\\/\",\"url\":\"https:\\\/\\\/www.ausbildung-region-celle.de\\\/wp-content\\\/uploads\\\/2021\\\/11\\\/Logo-ARC.png\",\"contentUrl\":\"https:\\\/\\\/www.ausbildung-region-celle.de\\\/wp-content\\\/uploads\\\/2021\\\/11\\\/Logo-ARC.png\",\"width\":836,\"height\":664,\"caption\":\"Ausbildungsstellen und Mega-Matchportal\"},\"image\":{\"@id\":\"https:\\\/\\\/www.ausbildung-region-celle.de\\\/#\\\/schema\\\/logo\\\/image\\\/\"}}]}<\/script>\n<!-- \/ Yoast SEO plugin. -->","yoast_head_json":{"title":"Berufe - Ausbildung Region Celle","description":"Eine Liste aller vorgestellten Ausbildungsberufe \/ Studienpl\u00e4tze","robots":{"index":"index","follow":"follow","max-snippet":"max-snippet:-1","max-image-preview":"max-image-preview:large","max-video-preview":"max-video-preview:-1"},"canonical":"https:\/\/www.ausbildung-region-celle.de\/index.php\/berufeverzeichnis\/","og_locale":"de_DE","og_type":"article","og_title":"Berufe - Ausbildung Region Celle","og_description":"Eine Liste aller vorgestellten Ausbildungsberufe \/ Studienpl\u00e4tze","og_url":"https:\/\/www.ausbildung-region-celle.de\/index.php\/berufeverzeichnis\/","og_site_name":"Ausbildung Region Celle","article_modified_time":"2022-03-02T15:52:54+00:00","twitter_card":"summary_large_image","twitter_misc":{"Gesch\u00e4tzte Lesezeit":"1\u00a0Minute"},"schema":{"@context":"https:\/\/schema.org","@graph":[{"@type":"WebPage","@id":"https:\/\/www.ausbildung-region-celle.de\/index.php\/berufeverzeichnis\/","url":"https:\/\/www.ausbildung-region-celle.de\/index.php\/berufeverzeichnis\/","name":"Berufe - Ausbildung Region Celle","isPartOf":{"@id":"https:\/\/www.ausbildung-region-celle.de\/#website"},"datePublished":"2021-06-13T10:23:13+00:00","dateModified":"2022-03-02T15:52:54+00:00","description":"Eine Liste aller vorgestellten Ausbildungsberufe \/ Studienpl\u00e4tze","breadcrumb":{"@id":"https:\/\/www.ausbildung-region-celle.de\/index.php\/berufeverzeichnis\/#breadcrumb"},"inLanguage":"de","potentialAction":[{"@type":"ReadAction","target":["https:\/\/www.ausbildung-region-celle.de\/index.php\/berufeverzeichnis\/"]}]},{"@type":"BreadcrumbList","@id":"https:\/\/www.ausbildung-region-celle.de\/index.php\/berufeverzeichnis\/#breadcrumb","itemListElement":[{"@type":"ListItem","position":1,"name":"Startseite","item":"https:\/\/www.ausbildung-region-celle.de\/"},{"@type":"ListItem","position":2,"name":"Berufe"}]},{"@type":"WebSite","@id":"https:\/\/www.ausbildung-region-celle.de\/#website","url":"https:\/\/www.ausbildung-region-celle.de\/","name":"Ausbildung Region Celle","description":"DER Ausbildungsservice f\u00fcr Schulen und Unternehmen","publisher":{"@id":"https:\/\/www.ausbildung-region-celle.de\/#organization"},"potentialAction":[{"@type":"SearchAction","target":{"@type":"EntryPoint","urlTemplate":"https:\/\/www.ausbildung-region-celle.de\/?s={search_term_string}"},"query-input":{"@type":"PropertyValueSpecification","valueRequired":true,"valueName":"search_term_string"}}],"inLanguage":"de"},{"@type":"Organization","@id":"https:\/\/www.ausbildung-region-celle.de\/#organization","name":"Ausbildungsstellen und Mega-Matchportal","url":"https:\/\/www.ausbildung-region-celle.de\/","logo":{"@type":"ImageObject","inLanguage":"de","@id":"https:\/\/www.ausbildung-region-celle.de\/#\/schema\/logo\/image\/","url":"https:\/\/www.ausbildung-region-celle.de\/wp-content\/uploads\/2021\/11\/Logo-ARC.png","contentUrl":"https:\/\/www.ausbildung-region-celle.de\/wp-content\/uploads\/2021\/11\/Logo-ARC.png","width":836,"height":664,"caption":"Ausbildungsstellen und Mega-Matchportal"},"image":{"@id":"https:\/\/www.ausbildung-region-celle.de\/#\/schema\/logo\/image\/"}}]}},"_links":{"self":[{"href":"https:\/\/www.ausbildung-region-celle.de\/index.php\/wp-json\/wp\/v2\/pages\/958","targetHints":{"allow":["GET"]}}],"collection":[{"href":"https:\/\/www.ausbildung-region-celle.de\/index.php\/wp-json\/wp\/v2\/pages"}],"about":[{"href":"https:\/\/www.ausbildung-region-celle.de\/index.php\/wp-json\/wp\/v2\/types\/page"}],"author":[{"embeddable":true,"href":"https:\/\/www.ausbildung-region-celle.de\/index.php\/wp-json\/wp\/v2\/users\/1"}],"replies":[{"embeddable":true,"href":"https:\/\/www.ausbildung-region-celle.de\/index.php\/wp-json\/wp\/v2\/comments?post=958"}],"version-history":[{"count":4,"href":"https:\/\/www.ausbildung-region-celle.de\/index.php\/wp-json\/wp\/v2\/pages\/958\/revisions"}],"predecessor-version":[{"id":2160,"href":"https:\/\/www.ausbildung-region-celle.de\/index.php\/wp-json\/wp\/v2\/pages\/958\/revisions\/2160"}],"wp:attachment":[{"href":"https:\/\/www.ausbildung-region-celle.de\/index.php\/wp-json\/wp\/v2\/media?parent=958"}],"curies":[{"name":"wp","href":"https:\/\/api.w.org\/{rel}","templated":true}]}}