{"id":950,"date":"2021-06-13T09:27:12","date_gmt":"2021-06-13T09:27:12","guid":{"rendered":"https:\/\/www.ausbildung-region-celle.de\/?page_id=950"},"modified":"2022-03-02T16:21:47","modified_gmt":"2022-03-02T16:21:47","slug":"branchenuebersicht","status":"publish","type":"page","link":"https:\/\/www.ausbildung-region-celle.de\/index.php\/branchenuebersicht\/","title":{"rendered":"Branchen\u00fcbersicht"},"content":{"rendered":"\n<h2 class=\"wp-block-heading\">Branchen\u00fcbersicht<\/h2>\n\n\n\n<div class=\"wp-block-columns is-layout-flex wp-container-core-columns-is-layout-9d6595d7 wp-block-columns-is-layout-flex\">\n<div class=\"wp-block-column is-layout-flow wp-block-column-is-layout-flow\" style=\"flex-basis:100%\">\n<div class=\"wp-block-group is-style-default\"><div class=\"wp-block-group__inner-container is-layout-flow wp-block-group-is-layout-flow\">\n<div class=\"wp-block-group is-style-default\"><div class=\"wp-block-group__inner-container is-layout-flow wp-block-group-is-layout-flow\">\n<div class=\"wp-block-columns is-layout-flex wp-container-core-columns-is-layout-9d6595d7 wp-block-columns-is-layout-flex\">\n<div class=\"wp-block-column is-layout-flow wp-block-column-is-layout-flow\" style=\"flex-basis:100%\"><ul class=\"wp-block-categories-list wp-block-categories\">\t<li class=\"cat-item cat-item-46\"><a href=\"https:\/\/www.ausbildung-region-celle.de\/index.php\/category\/branchen\/\">Branchen<\/a>\n<ul class='children'>\n\t<li class=\"cat-item cat-item-19\"><a href=\"https:\/\/www.ausbildung-region-celle.de\/index.php\/category\/branchen\/banken-sparkassen\/\">Banken \/ Sparkassen<\/a>\n<\/li>\n\t<li class=\"cat-item cat-item-293\"><a href=\"https:\/\/www.ausbildung-region-celle.de\/index.php\/category\/branchen\/bau\/\">Bau<\/a>\n<\/li>\n\t<li class=\"cat-item cat-item-20\"><a href=\"https:\/\/www.ausbildung-region-celle.de\/index.php\/category\/branchen\/baustoffhandel\/\">Baustoffhandel<\/a>\n<\/li>\n\t<li class=\"cat-item cat-item-292\"><a href=\"https:\/\/www.ausbildung-region-celle.de\/index.php\/category\/branchen\/brueckenbau\/\">Br\u00fcckenbau<\/a>\n<\/li>\n\t<li class=\"cat-item cat-item-42\"><a href=\"https:\/\/www.ausbildung-region-celle.de\/index.php\/category\/branchen\/energieversorgung\/\">Energieversorgung<\/a>\n<\/li>\n\t<li class=\"cat-item cat-item-13\"><a href=\"https:\/\/www.ausbildung-region-celle.de\/index.php\/category\/branchen\/erdoel-erdgasindustrie\/\">Erd\u00f6l- \/ Erdgasindustrie<\/a>\n<\/li>\n\t<li class=\"cat-item cat-item-132\"><a href=\"https:\/\/www.ausbildung-region-celle.de\/index.php\/category\/branchen\/folientechnik\/\">Folientechnik<\/a>\n<\/li>\n\t<li class=\"cat-item cat-item-248\"><a href=\"https:\/\/www.ausbildung-region-celle.de\/index.php\/category\/branchen\/grosshandel\/\">Gro\u00dfhandel<\/a>\n<\/li>\n\t<li class=\"cat-item cat-item-291\"><a href=\"https:\/\/www.ausbildung-region-celle.de\/index.php\/category\/branchen\/hochbau\/\">Hochbau<\/a>\n<\/li>\n\t<li class=\"cat-item cat-item-174\"><a href=\"https:\/\/www.ausbildung-region-celle.de\/index.php\/category\/branchen\/infrastrukturmanagement\/\">Infrastrukturmanagement<\/a>\n<\/li>\n\t<li class=\"cat-item cat-item-173\"><a href=\"https:\/\/www.ausbildung-region-celle.de\/index.php\/category\/branchen\/ingenieurdienstleistungen\/\">Ingenieurdienstleistungen<\/a>\n<\/li>\n\t<li class=\"cat-item cat-item-63\"><a href=\"https:\/\/www.ausbildung-region-celle.de\/index.php\/category\/branchen\/justiz\/\">Justiz<\/a>\n<\/li>\n\t<li class=\"cat-item cat-item-166\"><a href=\"https:\/\/www.ausbildung-region-celle.de\/index.php\/category\/branchen\/leitungsbau\/\">Leitungsbau<\/a>\n<\/li>\n\t<li class=\"cat-item cat-item-203\"><a href=\"https:\/\/www.ausbildung-region-celle.de\/index.php\/category\/branchen\/medien\/\">Medien<\/a>\n<\/li>\n\t<li class=\"cat-item cat-item-22\"><a href=\"https:\/\/www.ausbildung-region-celle.de\/index.php\/category\/branchen\/oeffentliche-verwaltung\/\">\u00d6ffentliche Verwaltung<\/a>\n<\/li>\n\t<li class=\"cat-item cat-item-16\"><a href=\"https:\/\/www.ausbildung-region-celle.de\/index.php\/category\/branchen\/papierherstellung\/\">Papierherstellung<\/a>\n<\/li>\n\t<li class=\"cat-item cat-item-17\"><a href=\"https:\/\/www.ausbildung-region-celle.de\/index.php\/category\/branchen\/papierverarbeitung\/\">Papierverarbeitung<\/a>\n<\/li>\n\t<li class=\"cat-item cat-item-26\"><a href=\"https:\/\/www.ausbildung-region-celle.de\/index.php\/category\/branchen\/steuer-rechtsberatung\/\">Steuer- \/ Rechtsberatung<\/a>\n<\/li>\n\t<li class=\"cat-item cat-item-204\"><a href=\"https:\/\/www.ausbildung-region-celle.de\/index.php\/category\/branchen\/stipendienforum\/\">Stipendienforum<\/a>\n<\/li>\n\t<li class=\"cat-item cat-item-175\"><a href=\"https:\/\/www.ausbildung-region-celle.de\/index.php\/category\/branchen\/strassenbau\/\">Stra\u00dfenbau<\/a>\n<\/li>\n\t<li class=\"cat-item cat-item-47\"><a href=\"https:\/\/www.ausbildung-region-celle.de\/index.php\/category\/branchen\/tiefbau\/\">Tiefbau<\/a>\n<\/li>\n\t<li class=\"cat-item cat-item-48\"><a href=\"https:\/\/www.ausbildung-region-celle.de\/index.php\/category\/branchen\/umwelttechnik\/\">Umwelttechnik<\/a>\n\t<ul class='children'>\n\t<li class=\"cat-item cat-item-49\"><a href=\"https:\/\/www.ausbildung-region-celle.de\/index.php\/category\/branchen\/umwelttechnik\/wasserwirtschaft\/\">Wasserwirtschaft<\/a>\n<\/li>\n\t<\/ul>\n<\/li>\n\t<li class=\"cat-item cat-item-14\"><a href=\"https:\/\/www.ausbildung-region-celle.de\/index.php\/category\/branchen\/versicherung\/\">Versicherung<\/a>\n\t<ul class='children'>\n\t<li class=\"cat-item cat-item-15\"><a href=\"https:\/\/www.ausbildung-region-celle.de\/index.php\/category\/branchen\/versicherung\/krankenversicherung\/\">Krankenversicherung<\/a>\n<\/li>\n\t<\/ul>\n<\/li>\n\t<li class=\"cat-item cat-item-167\"><a href=\"https:\/\/www.ausbildung-region-celle.de\/index.php\/category\/branchen\/wasserversorgung\/\">Wasserversorgung<\/a>\n<\/li>\n\t<li class=\"cat-item cat-item-27\"><a href=\"https:\/\/www.ausbildung-region-celle.de\/index.php\/category\/branchen\/weiterfuehrende-schulen\/\">Weiterf\u00fchrende Schulen<\/a>\n<\/li>\n<\/ul>\n<\/li>\n<\/ul><\/div>\n<\/div>\n<\/div><\/div>\n<\/div><\/div>\n<\/div>\n<\/div>\n","protected":false},"excerpt":{"rendered":"<p>Branchen\u00fcbersicht<\/p>\n","protected":false},"author":1,"featured_media":0,"parent":0,"menu_order":0,"comment_status":"closed","ping_status":"closed","template":"","meta":{"_EventAllDay":false,"_EventTimezone":"","_EventStartDate":"","_EventEndDate":"","_EventStartDateUTC":"","_EventEndDateUTC":"","_EventShowMap":false,"_EventShowMapLink":false,"_EventURL":"","_EventCost":"","_EventCostDescription":"","_EventCurrencySymbol":"","_EventCurrencyCode":"","_EventCurrencyPosition":"","_EventDateTimeSeparator":"","_EventTimeRangeSeparator":"","_EventOrganizerID":[],"_EventVenueID":[],"_OrganizerEmail":"","_OrganizerPhone":"","_OrganizerWebsite":"","_VenueAddress":"","_VenueCity":"","_VenueCountry":"","_VenueProvince":"","_VenueState":"","_VenueZip":"","_VenuePhone":"","_VenueURL":"","_VenueStateProvince":"","_VenueLat":"","_VenueLng":"","_VenueShowMap":false,"_VenueShowMapLink":false,"footnotes":""},"class_list":["post-950","page","type-page","status-publish","hentry","entry"],"yoast_head":"<!-- This site is optimized with the Yoast SEO plugin v27.4 - https:\/\/yoast.com\/product\/yoast-seo-wordpress\/ -->\n<title>Branchen\u00fcbersicht - Ausbildung Region Celle<\/title>\n<meta name=\"description\" content=\"Eine Liste aller auf dem ARC-Portal pr\u00e4sentierten Branchen f\u00fcr Ausbildung oder duales Studium\" \/>\n<meta name=\"robots\" content=\"index, follow, max-snippet:-1, max-image-preview:large, max-video-preview:-1\" \/>\n<link rel=\"canonical\" href=\"https:\/\/www.ausbildung-region-celle.de\/index.php\/branchenuebersicht\/\" \/>\n<meta property=\"og:locale\" content=\"de_DE\" \/>\n<meta property=\"og:type\" content=\"article\" \/>\n<meta property=\"og:title\" content=\"Branchen\u00fcbersicht - Ausbildung Region Celle\" \/>\n<meta property=\"og:description\" content=\"Eine Liste aller auf dem ARC-Portal pr\u00e4sentierten Branchen f\u00fcr Ausbildung oder duales Studium\" \/>\n<meta property=\"og:url\" content=\"https:\/\/www.ausbildung-region-celle.de\/index.php\/branchenuebersicht\/\" \/>\n<meta property=\"og:site_name\" content=\"Ausbildung Region Celle\" \/>\n<meta property=\"article:modified_time\" content=\"2022-03-02T16:21:47+00:00\" \/>\n<meta name=\"twitter:card\" content=\"summary_large_image\" \/>\n<meta name=\"twitter:label1\" content=\"Gesch\u00e4tzte Lesezeit\" \/>\n\t<meta name=\"twitter:data1\" content=\"1\u00a0Minute\" \/>\n<script type=\"application\/ld+json\" class=\"yoast-schema-graph\">{\"@context\":\"https:\\\/\\\/schema.org\",\"@graph\":[{\"@type\":\"WebPage\",\"@id\":\"https:\\\/\\\/www.ausbildung-region-celle.de\\\/index.php\\\/branchenuebersicht\\\/\",\"url\":\"https:\\\/\\\/www.ausbildung-region-celle.de\\\/index.php\\\/branchenuebersicht\\\/\",\"name\":\"Branchen\u00fcbersicht - Ausbildung Region Celle\",\"isPartOf\":{\"@id\":\"https:\\\/\\\/www.ausbildung-region-celle.de\\\/#website\"},\"datePublished\":\"2021-06-13T09:27:12+00:00\",\"dateModified\":\"2022-03-02T16:21:47+00:00\",\"description\":\"Eine Liste aller auf dem ARC-Portal pr\u00e4sentierten Branchen f\u00fcr Ausbildung oder duales Studium\",\"breadcrumb\":{\"@id\":\"https:\\\/\\\/www.ausbildung-region-celle.de\\\/index.php\\\/branchenuebersicht\\\/#breadcrumb\"},\"inLanguage\":\"de\",\"potentialAction\":[{\"@type\":\"ReadAction\",\"target\":[\"https:\\\/\\\/www.ausbildung-region-celle.de\\\/index.php\\\/branchenuebersicht\\\/\"]}]},{\"@type\":\"BreadcrumbList\",\"@id\":\"https:\\\/\\\/www.ausbildung-region-celle.de\\\/index.php\\\/branchenuebersicht\\\/#breadcrumb\",\"itemListElement\":[{\"@type\":\"ListItem\",\"position\":1,\"name\":\"Startseite\",\"item\":\"https:\\\/\\\/www.ausbildung-region-celle.de\\\/\"},{\"@type\":\"ListItem\",\"position\":2,\"name\":\"Branchen\u00fcbersicht\"}]},{\"@type\":\"WebSite\",\"@id\":\"https:\\\/\\\/www.ausbildung-region-celle.de\\\/#website\",\"url\":\"https:\\\/\\\/www.ausbildung-region-celle.de\\\/\",\"name\":\"Ausbildung Region Celle\",\"description\":\"DER Ausbildungsservice f\u00fcr Schulen und Unternehmen\",\"publisher\":{\"@id\":\"https:\\\/\\\/www.ausbildung-region-celle.de\\\/#organization\"},\"potentialAction\":[{\"@type\":\"SearchAction\",\"target\":{\"@type\":\"EntryPoint\",\"urlTemplate\":\"https:\\\/\\\/www.ausbildung-region-celle.de\\\/?s={search_term_string}\"},\"query-input\":{\"@type\":\"PropertyValueSpecification\",\"valueRequired\":true,\"valueName\":\"search_term_string\"}}],\"inLanguage\":\"de\"},{\"@type\":\"Organization\",\"@id\":\"https:\\\/\\\/www.ausbildung-region-celle.de\\\/#organization\",\"name\":\"Ausbildungsstellen und Mega-Matchportal\",\"url\":\"https:\\\/\\\/www.ausbildung-region-celle.de\\\/\",\"logo\":{\"@type\":\"ImageObject\",\"inLanguage\":\"de\",\"@id\":\"https:\\\/\\\/www.ausbildung-region-celle.de\\\/#\\\/schema\\\/logo\\\/image\\\/\",\"url\":\"https:\\\/\\\/www.ausbildung-region-celle.de\\\/wp-content\\\/uploads\\\/2021\\\/11\\\/Logo-ARC.png\",\"contentUrl\":\"https:\\\/\\\/www.ausbildung-region-celle.de\\\/wp-content\\\/uploads\\\/2021\\\/11\\\/Logo-ARC.png\",\"width\":836,\"height\":664,\"caption\":\"Ausbildungsstellen und Mega-Matchportal\"},\"image\":{\"@id\":\"https:\\\/\\\/www.ausbildung-region-celle.de\\\/#\\\/schema\\\/logo\\\/image\\\/\"}}]}<\/script>\n<!-- \/ Yoast SEO plugin. -->","yoast_head_json":{"title":"Branchen\u00fcbersicht - Ausbildung Region Celle","description":"Eine Liste aller auf dem ARC-Portal pr\u00e4sentierten Branchen f\u00fcr Ausbildung oder duales Studium","robots":{"index":"index","follow":"follow","max-snippet":"max-snippet:-1","max-image-preview":"max-image-preview:large","max-video-preview":"max-video-preview:-1"},"canonical":"https:\/\/www.ausbildung-region-celle.de\/index.php\/branchenuebersicht\/","og_locale":"de_DE","og_type":"article","og_title":"Branchen\u00fcbersicht - Ausbildung Region Celle","og_description":"Eine Liste aller auf dem ARC-Portal pr\u00e4sentierten Branchen f\u00fcr Ausbildung oder duales Studium","og_url":"https:\/\/www.ausbildung-region-celle.de\/index.php\/branchenuebersicht\/","og_site_name":"Ausbildung Region Celle","article_modified_time":"2022-03-02T16:21:47+00:00","twitter_card":"summary_large_image","twitter_misc":{"Gesch\u00e4tzte Lesezeit":"1\u00a0Minute"},"schema":{"@context":"https:\/\/schema.org","@graph":[{"@type":"WebPage","@id":"https:\/\/www.ausbildung-region-celle.de\/index.php\/branchenuebersicht\/","url":"https:\/\/www.ausbildung-region-celle.de\/index.php\/branchenuebersicht\/","name":"Branchen\u00fcbersicht - Ausbildung Region Celle","isPartOf":{"@id":"https:\/\/www.ausbildung-region-celle.de\/#website"},"datePublished":"2021-06-13T09:27:12+00:00","dateModified":"2022-03-02T16:21:47+00:00","description":"Eine Liste aller auf dem ARC-Portal pr\u00e4sentierten Branchen f\u00fcr Ausbildung oder duales Studium","breadcrumb":{"@id":"https:\/\/www.ausbildung-region-celle.de\/index.php\/branchenuebersicht\/#breadcrumb"},"inLanguage":"de","potentialAction":[{"@type":"ReadAction","target":["https:\/\/www.ausbildung-region-celle.de\/index.php\/branchenuebersicht\/"]}]},{"@type":"BreadcrumbList","@id":"https:\/\/www.ausbildung-region-celle.de\/index.php\/branchenuebersicht\/#breadcrumb","itemListElement":[{"@type":"ListItem","position":1,"name":"Startseite","item":"https:\/\/www.ausbildung-region-celle.de\/"},{"@type":"ListItem","position":2,"name":"Branchen\u00fcbersicht"}]},{"@type":"WebSite","@id":"https:\/\/www.ausbildung-region-celle.de\/#website","url":"https:\/\/www.ausbildung-region-celle.de\/","name":"Ausbildung Region Celle","description":"DER Ausbildungsservice f\u00fcr Schulen und Unternehmen","publisher":{"@id":"https:\/\/www.ausbildung-region-celle.de\/#organization"},"potentialAction":[{"@type":"SearchAction","target":{"@type":"EntryPoint","urlTemplate":"https:\/\/www.ausbildung-region-celle.de\/?s={search_term_string}"},"query-input":{"@type":"PropertyValueSpecification","valueRequired":true,"valueName":"search_term_string"}}],"inLanguage":"de"},{"@type":"Organization","@id":"https:\/\/www.ausbildung-region-celle.de\/#organization","name":"Ausbildungsstellen und Mega-Matchportal","url":"https:\/\/www.ausbildung-region-celle.de\/","logo":{"@type":"ImageObject","inLanguage":"de","@id":"https:\/\/www.ausbildung-region-celle.de\/#\/schema\/logo\/image\/","url":"https:\/\/www.ausbildung-region-celle.de\/wp-content\/uploads\/2021\/11\/Logo-ARC.png","contentUrl":"https:\/\/www.ausbildung-region-celle.de\/wp-content\/uploads\/2021\/11\/Logo-ARC.png","width":836,"height":664,"caption":"Ausbildungsstellen und Mega-Matchportal"},"image":{"@id":"https:\/\/www.ausbildung-region-celle.de\/#\/schema\/logo\/image\/"}}]}},"_links":{"self":[{"href":"https:\/\/www.ausbildung-region-celle.de\/index.php\/wp-json\/wp\/v2\/pages\/950","targetHints":{"allow":["GET"]}}],"collection":[{"href":"https:\/\/www.ausbildung-region-celle.de\/index.php\/wp-json\/wp\/v2\/pages"}],"about":[{"href":"https:\/\/www.ausbildung-region-celle.de\/index.php\/wp-json\/wp\/v2\/types\/page"}],"author":[{"embeddable":true,"href":"https:\/\/www.ausbildung-region-celle.de\/index.php\/wp-json\/wp\/v2\/users\/1"}],"replies":[{"embeddable":true,"href":"https:\/\/www.ausbildung-region-celle.de\/index.php\/wp-json\/wp\/v2\/comments?post=950"}],"version-history":[{"count":3,"href":"https:\/\/www.ausbildung-region-celle.de\/index.php\/wp-json\/wp\/v2\/pages\/950\/revisions"}],"predecessor-version":[{"id":2310,"href":"https:\/\/www.ausbildung-region-celle.de\/index.php\/wp-json\/wp\/v2\/pages\/950\/revisions\/2310"}],"wp:attachment":[{"href":"https:\/\/www.ausbildung-region-celle.de\/index.php\/wp-json\/wp\/v2\/media?parent=950"}],"curies":[{"name":"wp","href":"https:\/\/api.w.org\/{rel}","templated":true}]}}