{"id":2115,"date":"2022-02-09T18:49:10","date_gmt":"2022-02-09T18:49:10","guid":{"rendered":"https:\/\/www.ausbildung-region-celle.de\/?page_id=2115"},"modified":"2024-03-31T14:05:03","modified_gmt":"2024-03-31T14:05:03","slug":"gebrauchsanweisung","status":"publish","type":"page","link":"https:\/\/www.ausbildung-region-celle.de\/index.php\/gebrauchsanweisung\/","title":{"rendered":"Gebrauchsanweisung"},"content":{"rendered":"\n<h2 class=\"wp-block-heading\" id=\"gebrauchsanweisung-fur-berufsinteressierte\">Gebrauchsanweisung f\u00fcr Berufsinteressierte<\/h2>\n\n\n\n<p class=\"has-text-color\" style=\"color:#299c00\"><strong>Risiken und Nebenwirkungen des ARC-Portals sind m\u00f6glich und gew\u00fcnscht: <\/strong><\/p>\n\n\n\n<p class=\"has-text-color\" style=\"color:#ef020e\"><strong>Einfache, erstklassige und authentische Informationen mit hohem Berufsbegeisterungspotential, spontane Praktika, Bewerbungen und pers\u00f6nliches Kennenlernen. Achtung: Gefahr von glatten Berufseinstiegen!<\/strong><\/p>\n\n\n\n<div class=\"wp-block-columns alignwide is-style-default is-layout-flex wp-container-core-columns-is-layout-9d6595d7 wp-block-columns-is-layout-flex\">\n<div class=\"wp-block-column is-vertically-aligned-top is-layout-flow wp-block-column-is-layout-flow\">\n<h3 class=\"wp-block-heading has-text-color\" id=\"online-meetings\" style=\"color:#ff0004\"><strong>Online-Meetings<\/strong><\/h3>\n\n\n\n<p>An einem <strong>Online-Messetag <\/strong>gibt es die M\u00f6glichkeit, direkt via <strong>Videochat<\/strong> mit einem oder mehreren Betrieben in Kontakt zu treten. Dazu laden die Unternehmen\/Einrichtungen in <strong>Zeitfenstern mittels Zutrittslink<\/strong> \u00fcber ihre Videokonferenzplattform ein. <\/p>\n\n\n\n<p><strong>Diese Veranstaltungsdaten findet ihr dann entweder auf dem <a data-type=\"page\" data-id=\"935\" href=\"https:\/\/www.ausbildung-region-celle.de\/index.php\/firmenuebersicht\/\">Firmenprofil<\/a> <\/strong>f\u00fcr das jeweilige Unternehmen oder in der <strong><a data-type=\"page\" data-id=\"60\" href=\"https:\/\/www.ausbildung-region-celle.de\/index.php\/veranstaltungen\/\">Gesamt\u00fcbersicht (&#8222;Veranstaltungen&#8220;)<\/a><\/strong>. Dort geht ihr auf die gew\u00fcnschte Videokonferenz, klickt auf <strong>MEETING BEITRETEN<\/strong> und dann sollte sich automatisch die jeweilige Konferenzplattform (Zoom, MS-Teams, WebEx, LifeSize, Jitsi, BigBlueButton &#8230;) des Veranstalters \u00f6ffnen. Wie ihr das sicher von den Videochatplattformen kennt, werdet ihr dann vom jeweiligen Moderator ins Meeting integriert.<\/p>\n\n\n\n<p>Es empfiehlt sich, schon <strong>15 Minuten vor Beginn<\/strong> diesen Prozess zu starten, denn, das kennen wir vom Homeschooling, nicht alle Datenverbindungen sind gleich schnell und die Rechner auch nicht.<\/p>\n\n\n\n<p>Am besten kann man die Videokonferenz an einem gr\u00f6\u00dferen (Tisch-)Display verfolgen, Notebook od. Tablet ist auch m\u00f6glich, Handy ist eher unpraktisch. F\u00fcr den Fall, dass es da Probleme geben sollte, haben wir die Schulen gebeten, euch bei der Teilnahme mit den Schulm\u00f6glichkeiten (PC-Raum o.\u00e4.) zu unterst\u00fctzen.<\/p>\n<\/div>\n\n\n\n<div class=\"wp-block-column is-vertically-aligned-top is-layout-flow wp-block-column-is-layout-flow\">\n<h3 class=\"wp-block-heading has-text-color\" id=\"effektive-nutzung\" style=\"color:#014765;font-size:28px\"><strong>Effektive Nutzung<\/strong><\/h3>\n\n\n\n<p>Auch Zeit ist eine Investition &#8211; in diesem Fall sind es Zeitfenster bei Online-Meetings oder im Telefongespr\u00e4ch in eure pers\u00f6nliche Zukunft. Jeder Kontakt soll ja beiden Seiten (&#8222;Matching-Partnern&#8220;) etwas bringen. Die Unternehmen\/ Einrichtungen haben sich gut vorbereitet, euch Berufsbilder, Arbeitsumgebung, Ausbildungshighlights vorzustellen. Das soll vermitteln, was man mitbringen sollte und wieso diese T\u00e4tigkeit den richtigen Leuten richtig Spa\u00df macht. <\/p>\n\n\n\n<p style=\"line-height:1.3\">Damit dich die richtigen Informationen erreichen macht es Sinn, sich ebenfalls vorzubereiten, z.B.:<\/p>\n\n\n\n<ul class=\"wp-block-list\">\n<li>Was mache ich gern, was sind meine Interessengebiete\/Hobbies?<\/li>\n\n\n\n<li>was ist mir nicht so wichtig, was kann ich auch nicht gut?<\/li>\n\n\n\n<li>ist mir der Kontakt mit Menschen wichtig?<\/li>\n\n\n\n<li>bin ich an technischen Ger\u00e4ten\/technischen Verfahren interessiert?<\/li>\n\n\n\n<li>t\u00fcftele ich gern an neuen Problemen herum, bis ich sie gel\u00f6st habe?<\/li>\n\n\n\n<li>bin ich mehr der praktische Typ oder eher theoretisch-wissenschaftlich orientiert?<\/li>\n\n\n\n<li>wieviel Zeit stelle ich mir f\u00fcr meine Ausbildung\/Studium vor?<\/li>\n\n\n\n<li>was m\u00f6chte ich verdienen?<\/li>\n\n\n\n<li>fester Arbeitsort oder mobil an wechselnden Einsatzorten?<\/li>\n\n\n\n<li>was ist mir besonders wichtig im Beruf (gern eine Rangfolge aufstellen)<\/li>\n<\/ul>\n\n\n\n<p class=\"has-text-align-left has-text-color\" style=\"color:#004e70;font-size:22px\">Noch einmal: <strong>Claim for Fairness<\/strong><\/p>\n\n\n\n<p>Der Service mit den Live-Meetings soll allen Interessierten die richtigen Kontakte und Informationen vermitteln.<br>Daher gehen wir davon aus, dass die Meetings genau daf\u00fcr genutzt werden. Konstruktive Beitr\u00e4ge sind erw\u00fcnscht, stilles Zuh\u00f6ren geht immer, <strong>St\u00f6rungen oder Jokes sind hier ein &#8222;no-go&#8220;<\/strong>. OK?<\/p>\n\n\n\n<p><\/p>\n<\/div>\n\n\n\n<div class=\"wp-block-column is-vertically-aligned-top is-layout-flow wp-block-column-is-layout-flow\">\n<h3 class=\"wp-block-heading has-text-color\" id=\"alle-moglichkeiten-mutig-nutzen\" style=\"color:#014765\"><strong>Alle M\u00f6glichkeiten mutig nutzen<\/strong><\/h3>\n\n\n\n<p>Gegen\u00fcber einem Schriftst\u00fcck oder einem Film bietet eine Live- Videokonferenz die M\u00f6glichkeit, im Dialog die Informationen in die Richtung zu steuern, die Dich wirklich interessiert. Bitte, nutze diese Chance um <strong>alle Fragen loszuwerden, die f\u00fcr DICH wichtig <\/strong>sind. Wenn die Zeit daf\u00fcr nicht ausreicht, dann besteht immer die M\u00f6glichkeit, sich f\u00fcr ein sp\u00e4teres Gespr\u00e4ch direkt zu verabreden. \u00dcbrigens, auch Fragen zu Arbeitszeit, Arbeitsort, Arbeitsausr\u00fcstung, Urlaub, Ausbildungsverg\u00fctungen oder Aufstiegsm\u00f6glichkeiten sind total ok.  <\/p>\n\n\n\n<p style=\"font-size:15px\"><\/p>\n\n\n\n<p style=\"font-size:15px\"><\/p>\n\n\n\n<h4 class=\"wp-block-heading has-text-color\" id=\"zwischen-den-online-messetagen\" style=\"color:#f70408\">Zwischen den Online-Meetingtagen<\/h4>\n\n\n\n<p>Auch au\u00dferhalb der Online-Meetingtage stehen die Firmeninformationen auf der Seite zur Verf\u00fcgung und die genannten Ansprechpartner\/innen freuen sich \u00fcber jede Kontaktaufnahme!<\/p>\n\n\n\n<p class=\"has-text-color\" style=\"color:#ef020e\">F\u00fcr <strong>Unternehmen<\/strong> bieten wir zus\u00e4tzlich die Chance, <strong>einzelne Meetings einzustellen<\/strong>, z.B. um neue Technologien, Projekte, Ausbildungsbsberufe, Studieng\u00e4nge oder berufsorientierende Aktionen vorzustellen.<\/p>\n\n\n\n<p class=\"has-text-color has-normal-font-size\" style=\"color:#004e70\"><strong>Sch\u00fclerprojekte, Sch\u00fclerfirmen<\/strong> k\u00f6nnen sich auf dem ARC-Portal gern pr\u00e4sentieren und mit den richtigen Partnern vernetzen. Unternehmen haben die M\u00f6glichkeit, Projekte f\u00fcr Sch\u00fcler\/-innen vorzustellen bzw. zu vergeben.<\/p>\n\n\n\n<p><\/p>\n<\/div>\n<\/div>\n\n\n\n<p>Ich freue mich auf Termine, Themen und Vorschl\u00e4ge. &#8211; Bitte daf\u00fcr das <strong><a href=\"https:\/\/www.ausbildung-region-celle.de\/index.php\/kontakt\/\">Kontaktformular<\/a><\/strong> der Webseite benutzen.<\/p>\n\n\n\n<h3 class=\"wp-block-heading has-text-color\" id=\"also-immer-wieder-einmal-vorbeischauen-und-checken-was-es-neues-gibt\" style=\"color:#ef020e\"><strong>Also immer wieder einmal vorbeischauen und checken, was es Neues gibt!<\/strong><\/h3>\n\n\n\n<p><\/p>\n","protected":false},"excerpt":{"rendered":"<p>Gebrauchsanweisung f\u00fcr Berufsinteressierte Risiken und Nebenwirkungen des ARC-Portals sind m\u00f6glich und gew\u00fcnscht: Einfache, erstklassige und authentische Informationen mit hohem Berufsbegeisterungspotential, spontane Praktika, Bewerbungen und pers\u00f6nliches Kennenlernen. Achtung: Gefahr von glatten&hellip; <a class=\"more-link\" href=\"https:\/\/www.ausbildung-region-celle.de\/index.php\/gebrauchsanweisung\/\"><span class=\"screen-reader-text\">Gebrauchsanweisung<\/span> weiterlesen<\/a><\/p>\n","protected":false},"author":2,"featured_media":0,"parent":0,"menu_order":0,"comment_status":"closed","ping_status":"closed","template":"","meta":{"_EventAllDay":false,"_EventTimezone":"","_EventStartDate":"","_EventEndDate":"","_EventStartDateUTC":"","_EventEndDateUTC":"","_EventShowMap":false,"_EventShowMapLink":false,"_EventURL":"","_EventCost":"","_EventCostDescription":"","_EventCurrencySymbol":"","_EventCurrencyCode":"","_EventCurrencyPosition":"","_EventDateTimeSeparator":"","_EventTimeRangeSeparator":"","_EventOrganizerID":[],"_EventVenueID":[],"_OrganizerEmail":"","_OrganizerPhone":"","_OrganizerWebsite":"","_VenueAddress":"","_VenueCity":"","_VenueCountry":"","_VenueProvince":"","_VenueState":"","_VenueZip":"","_VenuePhone":"","_VenueURL":"","_VenueStateProvince":"","_VenueLat":"","_VenueLng":"","_VenueShowMap":false,"_VenueShowMapLink":false,"footnotes":""},"class_list":["post-2115","page","type-page","status-publish","hentry","entry"],"yoast_head":"<!-- This site is optimized with the Yoast SEO plugin v27.4 - https:\/\/yoast.com\/product\/yoast-seo-wordpress\/ -->\n<title>Gebrauchsanweisung - Ausbildung Region Celle<\/title>\n<meta name=\"description\" content=\"Hinweise f\u00fcr das richtige Suchen, Finden sowie die Teilnahme an den Online-Meetings\" \/>\n<meta name=\"robots\" content=\"index, follow, max-snippet:-1, max-image-preview:large, max-video-preview:-1\" \/>\n<link rel=\"canonical\" href=\"https:\/\/www.ausbildung-region-celle.de\/index.php\/gebrauchsanweisung\/\" \/>\n<meta property=\"og:locale\" content=\"de_DE\" \/>\n<meta property=\"og:type\" content=\"article\" \/>\n<meta property=\"og:title\" content=\"Gebrauchsanweisung - Ausbildung Region Celle\" \/>\n<meta property=\"og:description\" content=\"Hinweise f\u00fcr das richtige Suchen, Finden sowie die Teilnahme an den Online-Meetings\" \/>\n<meta property=\"og:url\" content=\"https:\/\/www.ausbildung-region-celle.de\/index.php\/gebrauchsanweisung\/\" \/>\n<meta property=\"og:site_name\" content=\"Ausbildung Region Celle\" \/>\n<meta property=\"article:modified_time\" content=\"2024-03-31T14:05:03+00:00\" \/>\n<meta name=\"twitter:card\" content=\"summary_large_image\" \/>\n<meta name=\"twitter:label1\" content=\"Gesch\u00e4tzte Lesezeit\" \/>\n\t<meta name=\"twitter:data1\" content=\"4\u00a0Minuten\" \/>\n<script type=\"application\/ld+json\" class=\"yoast-schema-graph\">{\"@context\":\"https:\\\/\\\/schema.org\",\"@graph\":[{\"@type\":\"WebPage\",\"@id\":\"https:\\\/\\\/www.ausbildung-region-celle.de\\\/index.php\\\/gebrauchsanweisung\\\/\",\"url\":\"https:\\\/\\\/www.ausbildung-region-celle.de\\\/index.php\\\/gebrauchsanweisung\\\/\",\"name\":\"Gebrauchsanweisung - Ausbildung Region Celle\",\"isPartOf\":{\"@id\":\"https:\\\/\\\/www.ausbildung-region-celle.de\\\/#website\"},\"datePublished\":\"2022-02-09T18:49:10+00:00\",\"dateModified\":\"2024-03-31T14:05:03+00:00\",\"description\":\"Hinweise f\u00fcr das richtige Suchen, Finden sowie die Teilnahme an den Online-Meetings\",\"breadcrumb\":{\"@id\":\"https:\\\/\\\/www.ausbildung-region-celle.de\\\/index.php\\\/gebrauchsanweisung\\\/#breadcrumb\"},\"inLanguage\":\"de\",\"potentialAction\":[{\"@type\":\"ReadAction\",\"target\":[\"https:\\\/\\\/www.ausbildung-region-celle.de\\\/index.php\\\/gebrauchsanweisung\\\/\"]}]},{\"@type\":\"BreadcrumbList\",\"@id\":\"https:\\\/\\\/www.ausbildung-region-celle.de\\\/index.php\\\/gebrauchsanweisung\\\/#breadcrumb\",\"itemListElement\":[{\"@type\":\"ListItem\",\"position\":1,\"name\":\"Startseite\",\"item\":\"https:\\\/\\\/www.ausbildung-region-celle.de\\\/\"},{\"@type\":\"ListItem\",\"position\":2,\"name\":\"Gebrauchsanweisung\"}]},{\"@type\":\"WebSite\",\"@id\":\"https:\\\/\\\/www.ausbildung-region-celle.de\\\/#website\",\"url\":\"https:\\\/\\\/www.ausbildung-region-celle.de\\\/\",\"name\":\"Ausbildung Region Celle\",\"description\":\"DER Ausbildungsservice f\u00fcr Schulen und Unternehmen\",\"publisher\":{\"@id\":\"https:\\\/\\\/www.ausbildung-region-celle.de\\\/#organization\"},\"potentialAction\":[{\"@type\":\"SearchAction\",\"target\":{\"@type\":\"EntryPoint\",\"urlTemplate\":\"https:\\\/\\\/www.ausbildung-region-celle.de\\\/?s={search_term_string}\"},\"query-input\":{\"@type\":\"PropertyValueSpecification\",\"valueRequired\":true,\"valueName\":\"search_term_string\"}}],\"inLanguage\":\"de\"},{\"@type\":\"Organization\",\"@id\":\"https:\\\/\\\/www.ausbildung-region-celle.de\\\/#organization\",\"name\":\"Ausbildungsstellen und Mega-Matchportal\",\"url\":\"https:\\\/\\\/www.ausbildung-region-celle.de\\\/\",\"logo\":{\"@type\":\"ImageObject\",\"inLanguage\":\"de\",\"@id\":\"https:\\\/\\\/www.ausbildung-region-celle.de\\\/#\\\/schema\\\/logo\\\/image\\\/\",\"url\":\"https:\\\/\\\/www.ausbildung-region-celle.de\\\/wp-content\\\/uploads\\\/2021\\\/11\\\/Logo-ARC.png\",\"contentUrl\":\"https:\\\/\\\/www.ausbildung-region-celle.de\\\/wp-content\\\/uploads\\\/2021\\\/11\\\/Logo-ARC.png\",\"width\":836,\"height\":664,\"caption\":\"Ausbildungsstellen und Mega-Matchportal\"},\"image\":{\"@id\":\"https:\\\/\\\/www.ausbildung-region-celle.de\\\/#\\\/schema\\\/logo\\\/image\\\/\"}}]}<\/script>\n<!-- \/ Yoast SEO plugin. -->","yoast_head_json":{"title":"Gebrauchsanweisung - Ausbildung Region Celle","description":"Hinweise f\u00fcr das richtige Suchen, Finden sowie die Teilnahme an den Online-Meetings","robots":{"index":"index","follow":"follow","max-snippet":"max-snippet:-1","max-image-preview":"max-image-preview:large","max-video-preview":"max-video-preview:-1"},"canonical":"https:\/\/www.ausbildung-region-celle.de\/index.php\/gebrauchsanweisung\/","og_locale":"de_DE","og_type":"article","og_title":"Gebrauchsanweisung - Ausbildung Region Celle","og_description":"Hinweise f\u00fcr das richtige Suchen, Finden sowie die Teilnahme an den Online-Meetings","og_url":"https:\/\/www.ausbildung-region-celle.de\/index.php\/gebrauchsanweisung\/","og_site_name":"Ausbildung Region Celle","article_modified_time":"2024-03-31T14:05:03+00:00","twitter_card":"summary_large_image","twitter_misc":{"Gesch\u00e4tzte Lesezeit":"4\u00a0Minuten"},"schema":{"@context":"https:\/\/schema.org","@graph":[{"@type":"WebPage","@id":"https:\/\/www.ausbildung-region-celle.de\/index.php\/gebrauchsanweisung\/","url":"https:\/\/www.ausbildung-region-celle.de\/index.php\/gebrauchsanweisung\/","name":"Gebrauchsanweisung - Ausbildung Region Celle","isPartOf":{"@id":"https:\/\/www.ausbildung-region-celle.de\/#website"},"datePublished":"2022-02-09T18:49:10+00:00","dateModified":"2024-03-31T14:05:03+00:00","description":"Hinweise f\u00fcr das richtige Suchen, Finden sowie die Teilnahme an den Online-Meetings","breadcrumb":{"@id":"https:\/\/www.ausbildung-region-celle.de\/index.php\/gebrauchsanweisung\/#breadcrumb"},"inLanguage":"de","potentialAction":[{"@type":"ReadAction","target":["https:\/\/www.ausbildung-region-celle.de\/index.php\/gebrauchsanweisung\/"]}]},{"@type":"BreadcrumbList","@id":"https:\/\/www.ausbildung-region-celle.de\/index.php\/gebrauchsanweisung\/#breadcrumb","itemListElement":[{"@type":"ListItem","position":1,"name":"Startseite","item":"https:\/\/www.ausbildung-region-celle.de\/"},{"@type":"ListItem","position":2,"name":"Gebrauchsanweisung"}]},{"@type":"WebSite","@id":"https:\/\/www.ausbildung-region-celle.de\/#website","url":"https:\/\/www.ausbildung-region-celle.de\/","name":"Ausbildung Region Celle","description":"DER Ausbildungsservice f\u00fcr Schulen und Unternehmen","publisher":{"@id":"https:\/\/www.ausbildung-region-celle.de\/#organization"},"potentialAction":[{"@type":"SearchAction","target":{"@type":"EntryPoint","urlTemplate":"https:\/\/www.ausbildung-region-celle.de\/?s={search_term_string}"},"query-input":{"@type":"PropertyValueSpecification","valueRequired":true,"valueName":"search_term_string"}}],"inLanguage":"de"},{"@type":"Organization","@id":"https:\/\/www.ausbildung-region-celle.de\/#organization","name":"Ausbildungsstellen und Mega-Matchportal","url":"https:\/\/www.ausbildung-region-celle.de\/","logo":{"@type":"ImageObject","inLanguage":"de","@id":"https:\/\/www.ausbildung-region-celle.de\/#\/schema\/logo\/image\/","url":"https:\/\/www.ausbildung-region-celle.de\/wp-content\/uploads\/2021\/11\/Logo-ARC.png","contentUrl":"https:\/\/www.ausbildung-region-celle.de\/wp-content\/uploads\/2021\/11\/Logo-ARC.png","width":836,"height":664,"caption":"Ausbildungsstellen und Mega-Matchportal"},"image":{"@id":"https:\/\/www.ausbildung-region-celle.de\/#\/schema\/logo\/image\/"}}]}},"_links":{"self":[{"href":"https:\/\/www.ausbildung-region-celle.de\/index.php\/wp-json\/wp\/v2\/pages\/2115","targetHints":{"allow":["GET"]}}],"collection":[{"href":"https:\/\/www.ausbildung-region-celle.de\/index.php\/wp-json\/wp\/v2\/pages"}],"about":[{"href":"https:\/\/www.ausbildung-region-celle.de\/index.php\/wp-json\/wp\/v2\/types\/page"}],"author":[{"embeddable":true,"href":"https:\/\/www.ausbildung-region-celle.de\/index.php\/wp-json\/wp\/v2\/users\/2"}],"replies":[{"embeddable":true,"href":"https:\/\/www.ausbildung-region-celle.de\/index.php\/wp-json\/wp\/v2\/comments?post=2115"}],"version-history":[{"count":16,"href":"https:\/\/www.ausbildung-region-celle.de\/index.php\/wp-json\/wp\/v2\/pages\/2115\/revisions"}],"predecessor-version":[{"id":3951,"href":"https:\/\/www.ausbildung-region-celle.de\/index.php\/wp-json\/wp\/v2\/pages\/2115\/revisions\/3951"}],"wp:attachment":[{"href":"https:\/\/www.ausbildung-region-celle.de\/index.php\/wp-json\/wp\/v2\/media?parent=2115"}],"curies":[{"name":"wp","href":"https:\/\/api.w.org\/{rel}","templated":true}]}}