{"id":2031,"date":"2022-02-23T10:58:37","date_gmt":"2022-02-23T10:58:37","guid":{"rendered":"https:\/\/www.ausbildung-region-celle.de\/?page_id=2031"},"modified":"2026-01-08T21:41:10","modified_gmt":"2026-01-08T21:41:10","slug":"uebersicht-berufsorientierung-in-der-region","status":"publish","type":"page","link":"https:\/\/www.ausbildung-region-celle.de\/index.php\/uebersicht-berufsorientierung-in-der-region\/","title":{"rendered":"\u00dcbersicht: Berufsorientierung in der Region"},"content":{"rendered":"\n<h4 class=\"wp-block-heading has-text-color\" style=\"color:#014765\">Hier finden sich hoffentlich bald noch mehr Aktionen, Veranstaltungen, Gelegenheiten zur Berufs- und Studienorientierung in der Region \/ f\u00fcr die Region von den unterschiedlichsten Veranstaltern. <\/h4>\n\n\n\n<p class=\"has-text-color\" style=\"color:#ef020e\">F\u00fcr die <strong>Mitteilung weiterer Termine \u00fcber das <a href=\"https:\/\/www.ausbildung-region-celle.de\/index.php\/kontakt\/\" rel=\"nofollow\">Kontaktformular<\/a><\/strong> sind wir dankbar &#8211; so bekommen viele Interessierte die Gelegenheit, sich zu informieren oder mitzumachen.<\/p>\n\n\n\n<figure class=\"wp-block-table is-style-regular\"><table><tbody><tr><td><strong>Datum<\/strong><\/td><td><strong>Titel<\/strong><\/td><td><strong>Veranstalter<\/strong><\/td><td><strong>Ort<\/strong><\/td><td><strong>Zielgruppe<\/strong><\/td><td>Link<\/td><\/tr><tr><td>Ab M\u00e4rz 2022<\/td><td>JBA-Berufsberatung<\/td><td>JBA<\/td><td>BBS2 in <strong>geraden<\/strong> Kalenderwochen<br>9.00 &#8211; 12.00 h<\/td><td>Sch\u00fclerinnen und Sch\u00fcler mit individuellem Informations- bzw. Beratungsbedarf<\/td><td><\/td><\/tr><tr><td>Ab M\u00e4rz 2022<\/td><td>JBA-Berufsberatung<\/td><td>JBA<\/td><td>BBS3 in <strong>ungeraden<\/strong> Kalenderwochen<br>9.00 &#8211; 12.00 h<\/td><td>Sch\u00fclerinnen und Sch\u00fcler mit individuellem Informations- bzw. Beratungsbedarf<\/td><td><\/td><\/tr><tr><td>23.1.2026<\/td><td><strong>Mission Pflege<\/strong><\/td><td>Jobcenter<\/td><td>Raum 28<br>Georg-Wilhelm-Str. 14, Celle<\/td><td>Informationsver- anstaltung zum Einstieg in Pflegeberufen<\/td><td><\/td><\/tr><tr><td>23.4.2026<\/td><td><strong>Zukunftstag f\u00fcr Klassen 5-9<\/strong><\/td><td>Viele Unternehmen, Beh\u00f6rden, Institutionen<\/td><td>die \u00f6rtlichen Arbeitgeber<\/td><td>Praktischer Einblick in Berufsbilder und Unternehmen<\/td><td>Anmeldung direkt bei den gew\u00fcnschten Arbeitgebern<\/td><\/tr><tr><td>20.5.2026<br>14.00 &#8211; 18.00 h<\/td><td><strong>Karriere im \u00f6ffentlichen Dienst<\/strong><\/td><td>BA Celle<\/td><td>BiZ Celle, Georg-Wilhelm-Stra\u00dfe 14, Celle<\/td><td>Prasxisnahe Informationen \u00fcber Berufe u. Laufbahnen<\/td><td><\/td><\/tr><tr><td><\/td><td><\/td><td><\/td><td><\/td><td><\/td><td><\/td><\/tr><\/tbody><\/table><\/figure>\n\n\n\n<p><\/p>\n\n\n\n<p><\/p>\n","protected":false},"excerpt":{"rendered":"<p>Hier finden sich hoffentlich bald noch mehr Aktionen, Veranstaltungen, Gelegenheiten zur Berufs- und Studienorientierung in der Region \/ f\u00fcr die Region von den unterschiedlichsten Veranstaltern. F\u00fcr die Mitteilung weiterer Termine&hellip; <a class=\"more-link\" href=\"https:\/\/www.ausbildung-region-celle.de\/index.php\/uebersicht-berufsorientierung-in-der-region\/\"><span class=\"screen-reader-text\">\u00dcbersicht: Berufsorientierung in der Region<\/span> weiterlesen<\/a><\/p>\n","protected":false},"author":2,"featured_media":0,"parent":0,"menu_order":0,"comment_status":"closed","ping_status":"closed","template":"","meta":{"_EventAllDay":false,"_EventTimezone":"","_EventStartDate":"","_EventEndDate":"","_EventStartDateUTC":"","_EventEndDateUTC":"","_EventShowMap":false,"_EventShowMapLink":false,"_EventURL":"","_EventCost":"","_EventCostDescription":"","_EventCurrencySymbol":"","_EventCurrencyCode":"","_EventCurrencyPosition":"","_EventDateTimeSeparator":"","_EventTimeRangeSeparator":"","_EventOrganizerID":[],"_EventVenueID":[],"_OrganizerEmail":"","_OrganizerPhone":"","_OrganizerWebsite":"","_VenueAddress":"","_VenueCity":"","_VenueCountry":"","_VenueProvince":"","_VenueState":"","_VenueZip":"","_VenuePhone":"","_VenueURL":"","_VenueStateProvince":"","_VenueLat":"","_VenueLng":"","_VenueShowMap":false,"_VenueShowMapLink":false,"footnotes":""},"class_list":["post-2031","page","type-page","status-publish","hentry","entry"],"yoast_head":"<!-- This site is optimized with the Yoast SEO plugin v27.4 - https:\/\/yoast.com\/product\/yoast-seo-wordpress\/ -->\n<title>\u00dcbersicht: Berufsorientierung in der Region - Ausbildung Region Celle<\/title>\n<meta name=\"description\" content=\"\u00dcbersicht \u00fcber Berufsorientierungsm\u00f6gllichkeiten, Events, Messen, Termine in der Region\" \/>\n<meta name=\"robots\" content=\"index, follow, max-snippet:-1, max-image-preview:large, max-video-preview:-1\" \/>\n<link rel=\"canonical\" href=\"https:\/\/www.ausbildung-region-celle.de\/index.php\/uebersicht-berufsorientierung-in-der-region\/\" \/>\n<meta property=\"og:locale\" content=\"de_DE\" \/>\n<meta property=\"og:type\" content=\"article\" \/>\n<meta property=\"og:title\" content=\"\u00dcbersicht: Berufsorientierung in der Region - Ausbildung Region Celle\" \/>\n<meta property=\"og:description\" content=\"\u00dcbersicht \u00fcber Berufsorientierungsm\u00f6gllichkeiten, Events, Messen, Termine in der Region\" \/>\n<meta property=\"og:url\" content=\"https:\/\/www.ausbildung-region-celle.de\/index.php\/uebersicht-berufsorientierung-in-der-region\/\" \/>\n<meta property=\"og:site_name\" content=\"Ausbildung Region Celle\" \/>\n<meta property=\"article:modified_time\" content=\"2026-01-08T21:41:10+00:00\" \/>\n<meta name=\"twitter:card\" content=\"summary_large_image\" \/>\n<meta name=\"twitter:label1\" content=\"Gesch\u00e4tzte Lesezeit\" \/>\n\t<meta name=\"twitter:data1\" content=\"1\u00a0Minute\" \/>\n<script type=\"application\/ld+json\" class=\"yoast-schema-graph\">{\"@context\":\"https:\\\/\\\/schema.org\",\"@graph\":[{\"@type\":\"WebPage\",\"@id\":\"https:\\\/\\\/www.ausbildung-region-celle.de\\\/index.php\\\/uebersicht-berufsorientierung-in-der-region\\\/\",\"url\":\"https:\\\/\\\/www.ausbildung-region-celle.de\\\/index.php\\\/uebersicht-berufsorientierung-in-der-region\\\/\",\"name\":\"\u00dcbersicht: Berufsorientierung in der Region - Ausbildung Region Celle\",\"isPartOf\":{\"@id\":\"https:\\\/\\\/www.ausbildung-region-celle.de\\\/#website\"},\"datePublished\":\"2022-02-23T10:58:37+00:00\",\"dateModified\":\"2026-01-08T21:41:10+00:00\",\"description\":\"\u00dcbersicht \u00fcber Berufsorientierungsm\u00f6gllichkeiten, Events, Messen, Termine in der Region\",\"breadcrumb\":{\"@id\":\"https:\\\/\\\/www.ausbildung-region-celle.de\\\/index.php\\\/uebersicht-berufsorientierung-in-der-region\\\/#breadcrumb\"},\"inLanguage\":\"de\",\"potentialAction\":[{\"@type\":\"ReadAction\",\"target\":[\"https:\\\/\\\/www.ausbildung-region-celle.de\\\/index.php\\\/uebersicht-berufsorientierung-in-der-region\\\/\"]}]},{\"@type\":\"BreadcrumbList\",\"@id\":\"https:\\\/\\\/www.ausbildung-region-celle.de\\\/index.php\\\/uebersicht-berufsorientierung-in-der-region\\\/#breadcrumb\",\"itemListElement\":[{\"@type\":\"ListItem\",\"position\":1,\"name\":\"Startseite\",\"item\":\"https:\\\/\\\/www.ausbildung-region-celle.de\\\/\"},{\"@type\":\"ListItem\",\"position\":2,\"name\":\"\u00dcbersicht: Berufsorientierung in der Region\"}]},{\"@type\":\"WebSite\",\"@id\":\"https:\\\/\\\/www.ausbildung-region-celle.de\\\/#website\",\"url\":\"https:\\\/\\\/www.ausbildung-region-celle.de\\\/\",\"name\":\"Ausbildung Region Celle\",\"description\":\"DER Ausbildungsservice f\u00fcr Schulen und Unternehmen\",\"publisher\":{\"@id\":\"https:\\\/\\\/www.ausbildung-region-celle.de\\\/#organization\"},\"potentialAction\":[{\"@type\":\"SearchAction\",\"target\":{\"@type\":\"EntryPoint\",\"urlTemplate\":\"https:\\\/\\\/www.ausbildung-region-celle.de\\\/?s={search_term_string}\"},\"query-input\":{\"@type\":\"PropertyValueSpecification\",\"valueRequired\":true,\"valueName\":\"search_term_string\"}}],\"inLanguage\":\"de\"},{\"@type\":\"Organization\",\"@id\":\"https:\\\/\\\/www.ausbildung-region-celle.de\\\/#organization\",\"name\":\"Ausbildungsstellen und Mega-Matchportal\",\"url\":\"https:\\\/\\\/www.ausbildung-region-celle.de\\\/\",\"logo\":{\"@type\":\"ImageObject\",\"inLanguage\":\"de\",\"@id\":\"https:\\\/\\\/www.ausbildung-region-celle.de\\\/#\\\/schema\\\/logo\\\/image\\\/\",\"url\":\"https:\\\/\\\/www.ausbildung-region-celle.de\\\/wp-content\\\/uploads\\\/2021\\\/11\\\/Logo-ARC.png\",\"contentUrl\":\"https:\\\/\\\/www.ausbildung-region-celle.de\\\/wp-content\\\/uploads\\\/2021\\\/11\\\/Logo-ARC.png\",\"width\":836,\"height\":664,\"caption\":\"Ausbildungsstellen und Mega-Matchportal\"},\"image\":{\"@id\":\"https:\\\/\\\/www.ausbildung-region-celle.de\\\/#\\\/schema\\\/logo\\\/image\\\/\"}}]}<\/script>\n<!-- \/ Yoast SEO plugin. -->","yoast_head_json":{"title":"\u00dcbersicht: Berufsorientierung in der Region - Ausbildung Region Celle","description":"\u00dcbersicht \u00fcber Berufsorientierungsm\u00f6gllichkeiten, Events, Messen, Termine in der Region","robots":{"index":"index","follow":"follow","max-snippet":"max-snippet:-1","max-image-preview":"max-image-preview:large","max-video-preview":"max-video-preview:-1"},"canonical":"https:\/\/www.ausbildung-region-celle.de\/index.php\/uebersicht-berufsorientierung-in-der-region\/","og_locale":"de_DE","og_type":"article","og_title":"\u00dcbersicht: Berufsorientierung in der Region - Ausbildung Region Celle","og_description":"\u00dcbersicht \u00fcber Berufsorientierungsm\u00f6gllichkeiten, Events, Messen, Termine in der Region","og_url":"https:\/\/www.ausbildung-region-celle.de\/index.php\/uebersicht-berufsorientierung-in-der-region\/","og_site_name":"Ausbildung Region Celle","article_modified_time":"2026-01-08T21:41:10+00:00","twitter_card":"summary_large_image","twitter_misc":{"Gesch\u00e4tzte Lesezeit":"1\u00a0Minute"},"schema":{"@context":"https:\/\/schema.org","@graph":[{"@type":"WebPage","@id":"https:\/\/www.ausbildung-region-celle.de\/index.php\/uebersicht-berufsorientierung-in-der-region\/","url":"https:\/\/www.ausbildung-region-celle.de\/index.php\/uebersicht-berufsorientierung-in-der-region\/","name":"\u00dcbersicht: Berufsorientierung in der Region - Ausbildung Region Celle","isPartOf":{"@id":"https:\/\/www.ausbildung-region-celle.de\/#website"},"datePublished":"2022-02-23T10:58:37+00:00","dateModified":"2026-01-08T21:41:10+00:00","description":"\u00dcbersicht \u00fcber Berufsorientierungsm\u00f6gllichkeiten, Events, Messen, Termine in der Region","breadcrumb":{"@id":"https:\/\/www.ausbildung-region-celle.de\/index.php\/uebersicht-berufsorientierung-in-der-region\/#breadcrumb"},"inLanguage":"de","potentialAction":[{"@type":"ReadAction","target":["https:\/\/www.ausbildung-region-celle.de\/index.php\/uebersicht-berufsorientierung-in-der-region\/"]}]},{"@type":"BreadcrumbList","@id":"https:\/\/www.ausbildung-region-celle.de\/index.php\/uebersicht-berufsorientierung-in-der-region\/#breadcrumb","itemListElement":[{"@type":"ListItem","position":1,"name":"Startseite","item":"https:\/\/www.ausbildung-region-celle.de\/"},{"@type":"ListItem","position":2,"name":"\u00dcbersicht: Berufsorientierung in der Region"}]},{"@type":"WebSite","@id":"https:\/\/www.ausbildung-region-celle.de\/#website","url":"https:\/\/www.ausbildung-region-celle.de\/","name":"Ausbildung Region Celle","description":"DER Ausbildungsservice f\u00fcr Schulen und Unternehmen","publisher":{"@id":"https:\/\/www.ausbildung-region-celle.de\/#organization"},"potentialAction":[{"@type":"SearchAction","target":{"@type":"EntryPoint","urlTemplate":"https:\/\/www.ausbildung-region-celle.de\/?s={search_term_string}"},"query-input":{"@type":"PropertyValueSpecification","valueRequired":true,"valueName":"search_term_string"}}],"inLanguage":"de"},{"@type":"Organization","@id":"https:\/\/www.ausbildung-region-celle.de\/#organization","name":"Ausbildungsstellen und Mega-Matchportal","url":"https:\/\/www.ausbildung-region-celle.de\/","logo":{"@type":"ImageObject","inLanguage":"de","@id":"https:\/\/www.ausbildung-region-celle.de\/#\/schema\/logo\/image\/","url":"https:\/\/www.ausbildung-region-celle.de\/wp-content\/uploads\/2021\/11\/Logo-ARC.png","contentUrl":"https:\/\/www.ausbildung-region-celle.de\/wp-content\/uploads\/2021\/11\/Logo-ARC.png","width":836,"height":664,"caption":"Ausbildungsstellen und Mega-Matchportal"},"image":{"@id":"https:\/\/www.ausbildung-region-celle.de\/#\/schema\/logo\/image\/"}}]}},"_links":{"self":[{"href":"https:\/\/www.ausbildung-region-celle.de\/index.php\/wp-json\/wp\/v2\/pages\/2031","targetHints":{"allow":["GET"]}}],"collection":[{"href":"https:\/\/www.ausbildung-region-celle.de\/index.php\/wp-json\/wp\/v2\/pages"}],"about":[{"href":"https:\/\/www.ausbildung-region-celle.de\/index.php\/wp-json\/wp\/v2\/types\/page"}],"author":[{"embeddable":true,"href":"https:\/\/www.ausbildung-region-celle.de\/index.php\/wp-json\/wp\/v2\/users\/2"}],"replies":[{"embeddable":true,"href":"https:\/\/www.ausbildung-region-celle.de\/index.php\/wp-json\/wp\/v2\/comments?post=2031"}],"version-history":[{"count":69,"href":"https:\/\/www.ausbildung-region-celle.de\/index.php\/wp-json\/wp\/v2\/pages\/2031\/revisions"}],"predecessor-version":[{"id":4306,"href":"https:\/\/www.ausbildung-region-celle.de\/index.php\/wp-json\/wp\/v2\/pages\/2031\/revisions\/4306"}],"wp:attachment":[{"href":"https:\/\/www.ausbildung-region-celle.de\/index.php\/wp-json\/wp\/v2\/media?parent=2031"}],"curies":[{"name":"wp","href":"https:\/\/api.w.org\/{rel}","templated":true}]}}